{"id":50,"date":"2013-02-25T10:14:26","date_gmt":"2013-02-25T09:14:26","guid":{"rendered":"http:\/\/geoffroyrobert.com\/wordpress\/faqs\/"},"modified":"2013-03-09T09:55:29","modified_gmt":"2013-03-09T08:55:29","slug":"faqs","status":"publish","type":"page","link":"https:\/\/geoffroyrobert.com\/wordpress\/faqs\/","title":{"rendered":"Questions\/R\u00e9ponses"},"content":{"rendered":"<blockquote><p>Ce n\u2019est pas parce que les choses sont difficiles que nous n\u2019osons pas, C\u2019est parce que nous n\u2019osons pas que les choses sont difficiles.<br \/>\n(S\u00e9n\u00e8que)<\/p><\/blockquote>\n<p>Je r\u00e9ponds ici \u00e0 quelques questions (que j\u2019ai synth\u00e9tis\u00e9es) qui me sont parfois pos\u00e9es aussi bien par Internet, t\u00e9l\u00e9phone ou de visu.<br \/>\nToutes autres questions seront les bienvenues !<\/p>\n<div class=\"qa-faqs qa-home cf animation-slide accordion collapsible\">\n\t\t\t<div id=\"qa-faq0\" class=\"qa-faq cf\">\n\t\t\t\t<h3 class=\"qa-faq-title\"><a class=\"qa-faq-anchor\" href=\"https:\/\/geoffroyrobert.com\/wordpress\/faqs\/jai-lu-votre-livre-on-ma-parle-de-vous-jhesite-a-venir-vous-voir-et-je-vous-avoue-que-cest-juste-de-savoir-que-vous-etes-non-voyant-qui-marrete\/\">J\u2019ai lu votre livre, on m\u2019a parl\u00e9 de vous\u2026 J\u2019h\u00e9site \u00e0 venir vous voir et je vous avoue que c\u2019est juste de savoir que vous \u00eates non-voyant qui m\u2019arr\u00eate.<\/a><\/h3>\n\t\t\t\t<div class=\"qa-faq-answer\"><p>C\u2019est vrai, je suis aveugle, que puis-je vous dire ? Que j\u2019appr\u00e9cie votre franchise, que quelques personnes me confient cela, que je le comprends. D\u2019abord interpell\u00e9s par le handicap, des gens m\u2019expliquent ensuite leur \u00e9tonnement \u00e0 constater qu\u2019ils l\u2019avaient compl\u00e8tement oubli\u00e9 apr\u00e8s quelques minutes seulement.<br \/>\nEt d\u2019autres, signe que l\u2019histoire de chacun est toujours en cause, m\u2019avouent qu\u2019ils m\u2019ont choisi, eux, justement parce que j\u2019\u00e9tais aveugle.<\/p>\n<p>En travaillant ensemble, on pourrait comprendre le sens de votre h\u00e9sitation, mais respectez-vous. Et avec la th\u00e9rapie en ligne, avec l\u2019\u00e9change \u00e9crit (si une telle exp\u00e9rience vous int\u00e9resse), plus d\u2019aveugle !<\/p>\n<\/div><!--.qa-faq-answer-->\n\t\t\t\t<\/div><!--.qa-faq-->\n\t\t\t\t<div id=\"qa-faq1\" class=\"qa-faq cf\">\n\t\t\t\t<h3 class=\"qa-faq-title\"><a class=\"qa-faq-anchor\" href=\"https:\/\/geoffroyrobert.com\/wordpress\/faqs\/jai-ete-touche-par-vos-ecrits-sur-le-site-javais-lu-votre-livre-et-jaimerais-bien-entreprendre-une-demarche-avec-vous-jaimerais-travailler-sur-moi-depuis-longtem\/\">J\u2019ai \u00e9t\u00e9 touch\u00e9 par vos \u00e9crits sur le site (j\u2019avais lu votre livre) et j\u2019aimerais bien entreprendre une d\u00e9marche avec vous. J\u2019aimerais travailler sur moi depuis longtemps ! Mais je n\u2019arrive pas \u00e0 me d\u00e9cider<\/a><\/h3>\n\t\t\t\t<div class=\"qa-faq-answer\"><p>Ah, personne ne pourra d\u00e9cider pour vous, bien heureusement ! Voyez les raisons pour lesquelles vous voulez ou voudriez (pour respecter votre formulation) entreprendre cette d\u00e9marche et ce qui vous retient.<br \/>\nAu lieu de \u00ab j\u2019aimerais travailler sur moi \u00bb, quelle impression avez-vous si vous dites \u00ab J\u2019ai maintenant clairement l\u2019intention de travailler sur moi \u00bb ?<\/p>\n<p>Et avec \u00e0 l\u2019esprit la circonstance ind\u00e9sirable qui vous fait envisager de travailler sur vous, pour vous en lib\u00e9rer, qu\u2019\u00eates-vous pr\u00eat \u00e0 faire ? Quel temps, quel argent \u00eates-vous pr\u00eat \u00e0 consacrer au d\u00e9passement de votre probl\u00e8me ? Juste pour vous sentir mieux, et m\u00eame beaucoup mieux, pour vous lib\u00e9rer de ce qui vous p\u00e8se depuis si longtemps et vivre enfin ce \u00e0 quoi vous aspirez profond\u00e9ment, que seriez-vous dispos\u00e9 \u00e0 entreprendre, \u00e0 vous permettre, \u00e0 vous offrir ? Quand ?<\/p>\n<\/div><!--.qa-faq-answer-->\n\t\t\t\t<\/div><!--.qa-faq-->\n\t\t\t\t<div id=\"qa-faq2\" class=\"qa-faq cf\">\n\t\t\t\t<h3 class=\"qa-faq-title\"><a class=\"qa-faq-anchor\" href=\"https:\/\/geoffroyrobert.com\/wordpress\/faqs\/nest-ce-pas-regrettable-que-toutes-les-consultations-psy-soient-si-onereuses-ca-me-gene\/\">N\u2019est-ce pas regrettable que toutes les consultations psy soient si on\u00e9reuses ? Ca me g\u00eane !<\/a><\/h3>\n\t\t\t\t<div class=\"qa-faq-answer\"><p>Cette \u00ab g\u00eane \u00bb peut renvoyer \u00e0 bien des peurs et des croyances (la conscientisation les r\u00e9v\u00e8le), mais le point important \u00e0 consid\u00e9rer ici est l\u2019aide que vous apporte la d\u00e9marche que vous entreprenez. Si cette aide est r\u00e9elle (quelle qu\u2019elle soit), vous pourriez tout aussi bien consid\u00e9rer vos frais comme un investissement b\u00e9n\u00e9fique. Lib\u00e9r\u00e9 de vos anciens sch\u00e9mas, vos aptitudes retrouv\u00e9es, vous vous disposez \u00e0 une abondance qui, peut-\u00eatre, vous aurait manqu\u00e9 encore sans votre engagement financier.<\/p>\n<p>J\u2019ai rencontr\u00e9 quelques rares personnes qui s\u2019insurgeaient contre les prix \u00e9lev\u00e9s de certains s\u00e9minaires. Ces personnes d\u00e9pensaient pourtant un argent fou, tant\u00f4t en cigarettes, tant\u00f4t en alcool, tant\u00f4t en d\u2019autres compensations dont elles ne pouvaient certainement pas dire qu\u2019elles repr\u00e9sentaient un investissement int\u00e9ressant. Mais chacun fait ce qu\u2019il peut !<\/p>\n<\/div><!--.qa-faq-answer-->\n\t\t\t\t<\/div><!--.qa-faq-->\n\t\t\t\t<div id=\"qa-faq3\" class=\"qa-faq cf\">\n\t\t\t\t<h3 class=\"qa-faq-title\"><a class=\"qa-faq-anchor\" href=\"https:\/\/geoffroyrobert.com\/wordpress\/faqs\/sagissant-de-la-therapie-en-ligne-quen-est-il-de-la-confidentialite-il-y-a-dune-part-que-jignore-qui-va-lire-mon-message-une-fois-parti-sur-internet-et-d\/\">S\u2019agissant de la th\u00e9rapie en ligne, qu\u2019en est-il de la confidentialit\u00e9 ? Il y a, d\u2019une part, que j\u2019ignore qui va lire mon message une fois parti sur Internet et, d\u2019autre part, que nous sommes plusieurs \u00e0 la maison \u00e0 utiliser le m\u00eame ordinateur \u2013 je n\u2019ai pas envie que quiconque lise mes confidences.<\/a><\/h3>\n\t\t\t\t<div class=\"qa-faq-answer\"><p>L\u2019\u00e9change se fait par e-mails et nous sommes donc les seuls \u00e0 lire notre correspondance. Quant \u00e0 la confidentialit\u00e9 au niveau familial, il vous est possible de vous cr\u00e9er un compte dont l\u2019acc\u00e8s requiert un mot de passe que vous pouvez \u00eatre seul(e) \u00e0 conna\u00eetre. Vous pouvez aussi supprimer les traces de vos messages, non sans les imprimer d\u2019abord ou les sauvegarder sur le support de votre choix. Il serait dommage de vous priver de la possibilit\u00e9 de les relire \u00e0 loisir.<\/p>\n<\/div><!--.qa-faq-answer-->\n\t\t\t\t<\/div><!--.qa-faq-->\n\t\t\t\t<div id=\"qa-faq4\" class=\"qa-faq cf\">\n\t\t\t\t<h3 class=\"qa-faq-title\"><a class=\"qa-faq-anchor\" href=\"https:\/\/geoffroyrobert.com\/wordpress\/faqs\/ne-croyez-vous-pas-que-travailler-en-relation-daide-est-un-moyen-un-peu-facile-pour-se-faire-de-largent\/\">Ne croyez-vous pas que travailler en relation d\u2019aide est un moyen un peu facile pour se faire de l\u2019argent ?<\/a><\/h3>\n\t\t\t\t<div class=\"qa-faq-answer\"><p>Je ne sais pas ! En tous domaines, tous les cas de figure existent. J\u2019ignore si les th\u00e9rapeutes ou enseignants que j\u2019ai consult\u00e9s dans ma vie gagnaient beaucoup d\u2019argent et je ne sais pas non plus l\u2019argent qu\u2019ils ont eux-m\u00eames investi dans leurs propres formations. En revanche, sans aucun regret, je sais ce que cela m\u2019a personnellement co\u00fbt\u00e9 (pendant 20 ans (j\u2019ai toujours \u00e9t\u00e9 un passionn\u00e9). M\u00eame sur une courte p\u00e9riode, un travail sur soi peut faire dans sa vie une diff\u00e9rence heureuse, inoubliable ; nous le m\u00e9ritons bien !<\/p>\n<\/div><!--.qa-faq-answer-->\n\t\t\t\t<\/div><!--.qa-faq-->\n\t\t\t\t<div id=\"qa-faq5\" class=\"qa-faq cf\">\n\t\t\t\t<h3 class=\"qa-faq-title\"><a class=\"qa-faq-anchor\" href=\"https:\/\/geoffroyrobert.com\/wordpress\/faqs\/sagissant-de-la-therapie-en-ligne-comment-cela-se-passe-t-il-engage-pour-un-mois-si-je-suis-empeche-de-poursuivre-lechange-pendant-tout-le-mois\/\">S\u2019agissant de la th\u00e9rapie en ligne, comment cela se passe-t-il, engag\u00e9 pour un mois, si je suis emp\u00each\u00e9 de poursuivre l\u2019\u00e9change pendant tout le mois ?<\/a><\/h3>\n\t\t\t\t<div class=\"qa-faq-answer\"><p>L\u2019espace de communication implique que tout peut \u00eatre dit et aucune difficult\u00e9 confi\u00e9e ne reste sans r\u00e9ponse. Si vous n\u2019avez pu profiter de votre mois, il y aura report.<\/p>\n<\/div><!--.qa-faq-answer-->\n\t\t\t\t<\/div><!--.qa-faq-->\n\t\t\t\t<div id=\"qa-faq6\" class=\"qa-faq cf\">\n\t\t\t\t<h3 class=\"qa-faq-title\"><a class=\"qa-faq-anchor\" href=\"https:\/\/geoffroyrobert.com\/wordpress\/faqs\/lidee-de-la-therapie-en-ligne-mattire-mais-jai-tellement-de-mal-a-ecrire\/\">L\u2019id\u00e9e de la th\u00e9rapie en ligne m\u2019attire, mais j\u2019ai tellement de mal \u00e0 \u00e9crire !<\/a><\/h3>\n\t\t\t\t<div class=\"qa-faq-answer\"><p>Parlez-vous de la frappe au clavier, de l\u2019orthographe, de votre style ? Vous posez la question et vous pouvez donc le faire. Si vous choisissez ce moyen, l\u2019exercice vous fera progresser (avantage suppl\u00e9mentaire). S\u2019agissant de la forme, vous comprenez bien que \u00e7a n\u2019est pas ce qui nous int\u00e9resse. Si vous \u00eates suffisamment lisible, \u00e7a me va et peu importent les fautes !<br \/>\nEt sachez que d\u2019autres moyens sont \u00e0 votre disposition (dict\u00e9e vocale, t\u00e9l\u00e9phone, messagerie vocale).<\/p>\n<\/div><!--.qa-faq-answer-->\n\t\t\t\t<\/div><!--.qa-faq-->\n\t\t\t\t<div id=\"qa-faq7\" class=\"qa-faq cf\">\n\t\t\t\t<h3 class=\"qa-faq-title\"><a class=\"qa-faq-anchor\" href=\"https:\/\/geoffroyrobert.com\/wordpress\/faqs\/quelles-differences-entre-la-therapie-en-ligne-et-en-cabinet\/\">Quelles diff\u00e9rences entre la th\u00e9rapie en ligne et en cabinet ?<\/a><\/h3>\n\t\t\t\t<div class=\"qa-faq-answer\"><p>La diff\u00e9rence, les diff\u00e9rences : l\u2019int\u00e9r\u00eat que vous portez \u00e0 l\u2019une plut\u00f4t<br \/>\nqu\u2019\u00e0 l\u2019autre, la possibilit\u00e9 que vous avez de choisir l\u2019une alors que<br \/>\nl\u2019autre vous est impossible, ce que chaque d\u00e9marche vous apporte si vous<br \/>\navez exp\u00e9riment\u00e9 les deux\u2026 Bref, autant de r\u00e9ponses que de personnes<br \/>\nconcern\u00e9es.<\/p>\n<p>En la mati\u00e8re, ce qui doit vous renseigner, c&rsquo;est essentiellement votre<br \/>\nint\u00e9r\u00eat et votre exp\u00e9rience. Il n&rsquo;y a pas de d\u00e9marche ni d&rsquo;enseignement qui<br \/>\nsoient valables pour tout le monde. Par exemple, deux personnes peuvent \u00eatre<br \/>\nprofond\u00e9ment touch\u00e9es chacune par un livre qui laisse l&rsquo;autre indiff\u00e9rente<br \/>\net chacune en recevoir beaucoup. De plus, vous pouvez aujourd&rsquo;hui \u00eatre<br \/>\nattir\u00e9 par quelque chose qui ne vous avait pas parl\u00e9 dans le pass\u00e9.<\/p>\n<\/div><!--.qa-faq-answer-->\n\t\t\t\t<\/div><!--.qa-faq-->\n\t\t\t\t<div id=\"qa-faq8\" class=\"qa-faq cf\">\n\t\t\t\t<h3 class=\"qa-faq-title\"><a class=\"qa-faq-anchor\" href=\"https:\/\/geoffroyrobert.com\/wordpress\/faqs\/en-ligne-et-en-cabinet-le-travail-est-il-exactement-le-meme\/\">En ligne et en cabinet, le travail est-il exactement le m\u00eame ?<\/a><\/h3>\n\t\t\t\t<div class=\"qa-faq-answer\"><p>Pour une part, oui ! Quant aux diff\u00e9rences, j\u2019ai coutume de dire que les besoins motivant le choix de l\u2019aide en ligne sont eux-m\u00eames diff\u00e9rents de ceux du choix de l\u2019aide en cabinet. Ne comparons pas ce qui n\u2019est \u00e9ventuellement pas comparable.<br \/>\nJ\u2019ajoute qu\u2019il peut m\u2019arriver de proposer \u00e0 une personne que j\u2019aide en ligne de venir me voir (ou d\u2019aller voir un confr\u00e8re).<\/p>\n<\/div><!--.qa-faq-answer-->\n\t\t\t\t<\/div><!--.qa-faq-->\n\t\t\t\t<div id=\"qa-faq9\" class=\"qa-faq cf\">\n\t\t\t\t<h3 class=\"qa-faq-title\"><a class=\"qa-faq-anchor\" href=\"https:\/\/geoffroyrobert.com\/wordpress\/faqs\/peut-on-librement-utiliser-les-textes-de-votre-site\/\">Peut-on librement utiliser les textes de votre site ?<\/a><\/h3>\n\t\t\t\t<div class=\"qa-faq-answer\"><p>Merci de l\u2019appr\u00e9ciation et puisque la demande est faite, je n\u2019en doute pas, vous accepterez de diffuser les textes en mentionnant leur provenance.<\/p>\n<\/div><!--.qa-faq-answer-->\n\t\t\t\t<\/div><!--.qa-faq-->\n\t\t\t\t<\/div><!--.qa-faqs -->\n","protected":false},"excerpt":{"rendered":"<p>Ce n\u2019est pas parce que les choses sont difficiles que nous n\u2019osons pas, C\u2019est parce que nous n\u2019osons pas que les choses sont difficiles. (S\u00e9n\u00e8que) Je r\u00e9ponds ici \u00e0 quelques questions (que j\u2019ai synth\u00e9tis\u00e9es) qui me sont parfois pos\u00e9es aussi <span class=\"excerpt-dots\">&hellip;<\/span> <a class=\"more-link\" href=\"https:\/\/geoffroyrobert.com\/wordpress\/faqs\/peut-on-librement-utiliser-les-textes-de-votre-site\/\"><span class=\"more-msg\">Lire la suite &rarr;<\/span><\/a><\/p>\n<div class='heateor_sss_sharing_container heateor_sss_vertical_sharing heateor_sss_bottom_sharing' style='width:44px;left: -10px;top: 100px;-webkit-box-shadow:none;box-shadow:none;' data-heateor-sss-href='https:\/\/geoffroyrobert.com\/wordpress\/wp-json\/wp\/v2\/pages\/50'><div class=\"heateor_sss_sharing_ul\"><a aria-label=\"Facebook\" class=\"heateor_sss_facebook\" href=\"https:\/\/www.facebook.com\/sharer\/sharer.php?u=https%3A%2F%2Fgeoffroyrobert.com%2Fwordpress%2Fwp-json%2Fwp%2Fv2%2Fpages%2F50\" title=\"Facebook\" rel=\"nofollow noopener\" target=\"_blank\" style=\"font-size:32px!important;box-shadow:none;display:inline-block;vertical-align:middle\"><span class=\"heateor_sss_svg\" style=\"background-color:#0765FE;width:40px;height:40px;margin:0;display:inline-block;opacity:1;float:left;font-size:32px;box-shadow:none;display:inline-block;font-size:16px;padding:0 4px;vertical-align:middle;background-repeat:repeat;overflow:hidden;padding:0;cursor:pointer;box-sizing:content-box\"><svg style=\"display:block;\" focusable=\"false\" aria-hidden=\"true\" xmlns=\"http:\/\/www.w3.org\/2000\/svg\" width=\"100%\" height=\"100%\" viewBox=\"0 0 32 32\"><path fill=\"#fff\" d=\"M28 16c0-6.627-5.373-12-12-12S4 9.373 4 16c0 5.628 3.875 10.35 9.101 11.647v-7.98h-2.474V16H13.1v-1.58c0-4.085 1.849-5.978 5.859-5.978.76 0 2.072.15 2.608.298v3.325c-.283-.03-.775-.045-1.386-.045-1.967 0-2.728.745-2.728 2.683V16h3.92l-.673 3.667h-3.247v8.245C23.395 27.195 28 22.135 28 16Z\"><\/path><\/svg><\/span><\/a><a aria-label=\"Twitter\" class=\"heateor_sss_button_twitter\" href=\"https:\/\/twitter.com\/intent\/tweet?text=LE%20REGARD%20QUI%20TRANSFORME%20-%20Consultations%20en%20cabinet%2C%20par%20t%C3%A9l%C3%A9phone%20ou%20par%20e-mails&url=https%3A%2F%2Fgeoffroyrobert.com%2Fwordpress%2Fwp-json%2Fwp%2Fv2%2Fpages%2F50\" title=\"Twitter\" rel=\"nofollow noopener\" target=\"_blank\" style=\"font-size:32px!important;box-shadow:none;display:inline-block;vertical-align:middle\"><span class=\"heateor_sss_svg heateor_sss_s__default heateor_sss_s_twitter\" style=\"background-color:#55acee;width:40px;height:40px;margin:0;display:inline-block;opacity:1;float:left;font-size:32px;box-shadow:none;display:inline-block;font-size:16px;padding:0 4px;vertical-align:middle;background-repeat:repeat;overflow:hidden;padding:0;cursor:pointer;box-sizing:content-box\"><svg style=\"display:block;\" focusable=\"false\" aria-hidden=\"true\" xmlns=\"http:\/\/www.w3.org\/2000\/svg\" width=\"100%\" height=\"100%\" viewBox=\"-4 -4 39 39\"><path d=\"M28 8.557a9.913 9.913 0 0 1-2.828.775 4.93 4.93 0 0 0 2.166-2.725 9.738 9.738 0 0 1-3.13 1.194 4.92 4.92 0 0 0-3.593-1.55 4.924 4.924 0 0 0-4.794 6.049c-4.09-.21-7.72-2.17-10.15-5.15a4.942 4.942 0 0 0-.665 2.477c0 1.71.87 3.214 2.19 4.1a4.968 4.968 0 0 1-2.23-.616v.06c0 2.39 1.7 4.38 3.952 4.83-.414.115-.85.174-1.297.174-.318 0-.626-.03-.928-.086a4.935 4.935 0 0 0 4.6 3.42 9.893 9.893 0 0 1-6.114 2.107c-.398 0-.79-.023-1.175-.068a13.953 13.953 0 0 0 7.55 2.213c9.056 0 14.01-7.507 14.01-14.013 0-.213-.005-.426-.015-.637.96-.695 1.795-1.56 2.455-2.55z\" fill=\"#fff\"><\/path><\/svg><\/span><\/a><a aria-label=\"Reddit\" class=\"heateor_sss_button_reddit\" href=\"https:\/\/reddit.com\/submit?url=https%3A%2F%2Fgeoffroyrobert.com%2Fwordpress%2Fwp-json%2Fwp%2Fv2%2Fpages%2F50&title=LE%20REGARD%20QUI%20TRANSFORME%20-%20Consultations%20en%20cabinet%2C%20par%20t%C3%A9l%C3%A9phone%20ou%20par%20e-mails\" title=\"Reddit\" rel=\"nofollow noopener\" target=\"_blank\" style=\"font-size:32px!important;box-shadow:none;display:inline-block;vertical-align:middle\"><span class=\"heateor_sss_svg heateor_sss_s__default heateor_sss_s_reddit\" style=\"background-color:#ff5700;width:40px;height:40px;margin:0;display:inline-block;opacity:1;float:left;font-size:32px;box-shadow:none;display:inline-block;font-size:16px;padding:0 4px;vertical-align:middle;background-repeat:repeat;overflow:hidden;padding:0;cursor:pointer;box-sizing:content-box\"><svg style=\"display:block;\" focusable=\"false\" aria-hidden=\"true\" xmlns=\"http:\/\/www.w3.org\/2000\/svg\" width=\"100%\" height=\"100%\" viewBox=\"-3.5 -3.5 39 39\"><path d=\"M28.543 15.774a2.953 2.953 0 0 0-2.951-2.949 2.882 2.882 0 0 0-1.9.713 14.075 14.075 0 0 0-6.85-2.044l1.38-4.349 3.768.884a2.452 2.452 0 1 0 .24-1.176l-4.274-1a.6.6 0 0 0-.709.4l-1.659 5.224a14.314 14.314 0 0 0-7.316 2.029 2.908 2.908 0 0 0-1.872-.681 2.942 2.942 0 0 0-1.618 5.4 5.109 5.109 0 0 0-.062.765c0 4.158 5.037 7.541 11.229 7.541s11.22-3.383 11.22-7.541a5.2 5.2 0 0 0-.053-.706 2.963 2.963 0 0 0 1.427-2.51zm-18.008 1.88a1.753 1.753 0 0 1 1.73-1.74 1.73 1.73 0 0 1 1.709 1.74 1.709 1.709 0 0 1-1.709 1.711 1.733 1.733 0 0 1-1.73-1.711zm9.565 4.968a5.573 5.573 0 0 1-4.081 1.272h-.032a5.576 5.576 0 0 1-4.087-1.272.6.6 0 0 1 .844-.854 4.5 4.5 0 0 0 3.238.927h.032a4.5 4.5 0 0 0 3.237-.927.6.6 0 1 1 .844.854zm-.331-3.256a1.726 1.726 0 1 1 1.709-1.712 1.717 1.717 0 0 1-1.712 1.712z\" fill=\"#fff\"\/><\/svg><\/span><\/a><a aria-label=\"Linkedin\" class=\"heateor_sss_button_linkedin\" href=\"https:\/\/www.linkedin.com\/sharing\/share-offsite\/?url=https%3A%2F%2Fgeoffroyrobert.com%2Fwordpress%2Fwp-json%2Fwp%2Fv2%2Fpages%2F50\" title=\"Linkedin\" rel=\"nofollow noopener\" target=\"_blank\" style=\"font-size:32px!important;box-shadow:none;display:inline-block;vertical-align:middle\"><span class=\"heateor_sss_svg heateor_sss_s__default heateor_sss_s_linkedin\" style=\"background-color:#0077b5;width:40px;height:40px;margin:0;display:inline-block;opacity:1;float:left;font-size:32px;box-shadow:none;display:inline-block;font-size:16px;padding:0 4px;vertical-align:middle;background-repeat:repeat;overflow:hidden;padding:0;cursor:pointer;box-sizing:content-box\"><svg style=\"display:block;\" focusable=\"false\" aria-hidden=\"true\" xmlns=\"http:\/\/www.w3.org\/2000\/svg\" width=\"100%\" height=\"100%\" viewBox=\"0 0 32 32\"><path d=\"M6.227 12.61h4.19v13.48h-4.19V12.61zm2.095-6.7a2.43 2.43 0 0 1 0 4.86c-1.344 0-2.428-1.09-2.428-2.43s1.084-2.43 2.428-2.43m4.72 6.7h4.02v1.84h.058c.56-1.058 1.927-2.176 3.965-2.176 4.238 0 5.02 2.792 5.02 6.42v7.395h-4.183v-6.56c0-1.564-.03-3.574-2.178-3.574-2.18 0-2.514 1.7-2.514 3.46v6.668h-4.187V12.61z\" fill=\"#fff\"><\/path><\/svg><\/span><\/a><a aria-label=\"Pinterest\" class=\"heateor_sss_button_pinterest\" href=\"https:\/\/geoffroyrobert.com\/wordpress\/wp-json\/wp\/v2\/pages\/50\" onclick=\"event.preventDefault();javascript:void( (function() {var e=document.createElement('script' );e.setAttribute('type','text\/javascript' );e.setAttribute('charset','UTF-8' );e.setAttribute('src','\/\/assets.pinterest.com\/js\/pinmarklet.js?r='+Math.random()*99999999);document.body.appendChild(e)})());\" title=\"Pinterest\" rel=\"noopener\" style=\"font-size:32px!important;box-shadow:none;display:inline-block;vertical-align:middle\"><span class=\"heateor_sss_svg heateor_sss_s__default heateor_sss_s_pinterest\" style=\"background-color:#cc2329;width:40px;height:40px;margin:0;display:inline-block;opacity:1;float:left;font-size:32px;box-shadow:none;display:inline-block;font-size:16px;padding:0 4px;vertical-align:middle;background-repeat:repeat;overflow:hidden;padding:0;cursor:pointer;box-sizing:content-box\"><svg style=\"display:block;\" focusable=\"false\" aria-hidden=\"true\" xmlns=\"http:\/\/www.w3.org\/2000\/svg\" width=\"100%\" height=\"100%\" viewBox=\"-2 -2 35 35\"><path fill=\"#fff\" d=\"M16.539 4.5c-6.277 0-9.442 4.5-9.442 8.253 0 2.272.86 4.293 2.705 5.046.303.125.574.005.662-.33.061-.231.205-.816.27-1.06.088-.331.053-.447-.191-.736-.532-.627-.873-1.439-.873-2.591 0-3.338 2.498-6.327 6.505-6.327 3.548 0 5.497 2.168 5.497 5.062 0 3.81-1.686 7.025-4.188 7.025-1.382 0-2.416-1.142-2.085-2.545.397-1.674 1.166-3.48 1.166-4.689 0-1.081-.581-1.983-1.782-1.983-1.413 0-2.548 1.462-2.548 3.419 0 1.247.421 2.091.421 2.091l-1.699 7.199c-.505 2.137-.076 4.755-.039 5.019.021.158.223.196.314.077.13-.17 1.813-2.247 2.384-4.324.162-.587.929-3.631.929-3.631.46.876 1.801 1.646 3.227 1.646 4.247 0 7.128-3.871 7.128-9.053.003-3.918-3.317-7.568-8.361-7.568z\"\/><\/svg><\/span><\/a><a aria-label=\"MeWe\" class=\"heateor_sss_MeWe\" href=\"https:\/\/mewe.com\/share?link=https%3A%2F%2Fgeoffroyrobert.com%2Fwordpress%2Fwp-json%2Fwp%2Fv2%2Fpages%2F50\" title=\"MeWe\" rel=\"nofollow noopener\" target=\"_blank\" style=\"font-size:32px!important;box-shadow:none;display:inline-block;vertical-align:middle\"><span class=\"heateor_sss_svg\" style=\"background-color:#007da1;width:40px;height:40px;margin:0;display:inline-block;opacity:1;float:left;font-size:32px;box-shadow:none;display:inline-block;font-size:16px;padding:0 4px;vertical-align:middle;background-repeat:repeat;overflow:hidden;padding:0;cursor:pointer;box-sizing:content-box\"><svg focusable=\"false\" aria-hidden=\"true\" xmlns=\"http:\/\/www.w3.org\/2000\/svg\" width=\"100%\" height=\"100%\" viewBox=\"-4 -3 38 38\"><g fill=\"#fff\"><path d=\"M9.636 10.427a1.22 1.22 0 1 1-2.44 0 1.22 1.22 0 1 1 2.44 0zM15.574 10.431a1.22 1.22 0 0 1-2.438 0 1.22 1.22 0 1 1 2.438 0zM22.592 10.431a1.221 1.221 0 1 1-2.443 0 1.221 1.221 0 0 1 2.443 0zM29.605 10.431a1.221 1.221 0 1 1-2.442 0 1.221 1.221 0 0 1 2.442 0zM3.605 13.772c0-.471.374-.859.859-.859h.18c.374 0 .624.194.789.457l2.935 4.597 2.95-4.611c.18-.291.43-.443.774-.443h.18c.485 0 .859.387.859.859v8.113a.843.843 0 0 1-.859.845.857.857 0 0 1-.845-.845V16.07l-2.366 3.559c-.18.276-.402.443-.72.443-.304 0-.526-.167-.706-.443l-2.354-3.53V21.9c0 .471-.374.83-.845.83a.815.815 0 0 1-.83-.83v-8.128h-.001zM14.396 14.055a.9.9 0 0 1-.069-.333c0-.471.402-.83.872-.83.415 0 .735.263.845.624l2.23 6.66 2.187-6.632c.139-.402.428-.678.859-.678h.124c.428 0 .735.278.859.678l2.187 6.632 2.23-6.675c.126-.346.415-.609.83-.609.457 0 .845.361.845.817a.96.96 0 0 1-.083.346l-2.867 8.032c-.152.43-.471.706-.887.706h-.165c-.415 0-.721-.263-.872-.706l-2.161-6.328-2.16 6.328c-.152.443-.47.706-.887.706h-.165c-.415 0-.72-.263-.887-.706l-2.865-8.032z\"><\/path><\/g><\/svg><\/span><\/a><a aria-label=\"Mix\" class=\"heateor_sss_button_mix\" href=\"https:\/\/mix.com\/mixit?url=https%3A%2F%2Fgeoffroyrobert.com%2Fwordpress%2Fwp-json%2Fwp%2Fv2%2Fpages%2F50\" title=\"Mix\" rel=\"nofollow noopener\" target=\"_blank\" style=\"font-size:32px!important;box-shadow:none;display:inline-block;vertical-align:middle\"><span class=\"heateor_sss_svg heateor_sss_s__default heateor_sss_s_mix\" style=\"background-color:#ff8226;width:40px;height:40px;margin:0;display:inline-block;opacity:1;float:left;font-size:32px;box-shadow:none;display:inline-block;font-size:16px;padding:0 4px;vertical-align:middle;background-repeat:repeat;overflow:hidden;padding:0;cursor:pointer;box-sizing:content-box\"><svg focusable=\"false\" aria-hidden=\"true\" xmlns=\"http:\/\/www.w3.org\/2000\/svg\" width=\"100%\" height=\"100%\" viewBox=\"-7 -8 45 45\"><g fill=\"#fff\"><path opacity=\".8\" d=\"M27.87 4.125c-5.224 0-9.467 4.159-9.467 9.291v2.89c0-1.306 1.074-2.362 2.399-2.362s2.399 1.056 2.399 2.362v1.204c0 1.306 1.074 2.362 2.399 2.362s2.399-1.056 2.399-2.362V4.134c-.036-.009-.082-.009-.129-.009\"\/><path d=\"M4 4.125v12.94c2.566 0 4.668-1.973 4.807-4.465v-2.214c0-.065 0-.12.009-.176.093-1.213 1.13-2.177 2.39-2.177 1.325 0 2.399 1.056 2.399 2.362v9.226c0 1.306 1.074 2.353 2.399 2.353s2.399-1.056 2.399-2.353v-6.206c0-5.132 4.233-9.291 9.467-9.291H4z\"\/><path opacity=\".8\" d=\"M4 17.074v8.438c0 1.306 1.074 2.362 2.399 2.362s2.399-1.056 2.399-2.362V12.61C8.659 15.102 6.566 17.074 4 17.074\"\/><\/g><\/svg><\/span><\/a><a aria-label=\"Whatsapp\" class=\"heateor_sss_whatsapp\" href=\"https:\/\/api.whatsapp.com\/send?text=LE%20REGARD%20QUI%20TRANSFORME%20-%20Consultations%20en%20cabinet%2C%20par%20t%C3%A9l%C3%A9phone%20ou%20par%20e-mails%20https%3A%2F%2Fgeoffroyrobert.com%2Fwordpress%2Fwp-json%2Fwp%2Fv2%2Fpages%2F50\" title=\"Whatsapp\" rel=\"nofollow noopener\" target=\"_blank\" style=\"font-size:32px!important;box-shadow:none;display:inline-block;vertical-align:middle\"><span class=\"heateor_sss_svg\" style=\"background-color:#55eb4c;width:40px;height:40px;margin:0;display:inline-block;opacity:1;float:left;font-size:32px;box-shadow:none;display:inline-block;font-size:16px;padding:0 4px;vertical-align:middle;background-repeat:repeat;overflow:hidden;padding:0;cursor:pointer;box-sizing:content-box\"><svg style=\"display:block;\" focusable=\"false\" aria-hidden=\"true\" xmlns=\"http:\/\/www.w3.org\/2000\/svg\" width=\"100%\" height=\"100%\" viewBox=\"-6 -5 40 40\"><path class=\"heateor_sss_svg_stroke heateor_sss_no_fill\" stroke=\"#fff\" stroke-width=\"2\" fill=\"none\" d=\"M 11.579798566743314 24.396926207859085 A 10 10 0 1 0 6.808479557110079 20.73576436351046\"><\/path><path d=\"M 7 19 l -1 6 l 6 -1\" class=\"heateor_sss_no_fill heateor_sss_svg_stroke\" stroke=\"#fff\" stroke-width=\"2\" fill=\"none\"><\/path><path d=\"M 10 10 q -1 8 8 11 c 5 -1 0 -6 -1 -3 q -4 -3 -5 -5 c 4 -2 -1 -5 -1 -4\" fill=\"#fff\"><\/path><\/svg><\/span><\/a><\/div><div class=\"heateorSssClear\"><\/div><\/div>","protected":false},"author":1,"featured_media":0,"parent":0,"menu_order":0,"comment_status":"closed","ping_status":"closed","template":"","meta":{"footnotes":""},"class_list":["post-50","page","type-page","status-publish","hentry"],"_links":{"self":[{"href":"https:\/\/geoffroyrobert.com\/wordpress\/wp-json\/wp\/v2\/pages\/50","targetHints":{"allow":["GET"]}}],"collection":[{"href":"https:\/\/geoffroyrobert.com\/wordpress\/wp-json\/wp\/v2\/pages"}],"about":[{"href":"https:\/\/geoffroyrobert.com\/wordpress\/wp-json\/wp\/v2\/types\/page"}],"author":[{"embeddable":true,"href":"https:\/\/geoffroyrobert.com\/wordpress\/wp-json\/wp\/v2\/users\/1"}],"replies":[{"embeddable":true,"href":"https:\/\/geoffroyrobert.com\/wordpress\/wp-json\/wp\/v2\/comments?post=50"}],"version-history":[{"count":4,"href":"https:\/\/geoffroyrobert.com\/wordpress\/wp-json\/wp\/v2\/pages\/50\/revisions"}],"predecessor-version":[{"id":51,"href":"https:\/\/geoffroyrobert.com\/wordpress\/wp-json\/wp\/v2\/pages\/50\/revisions\/51"}],"wp:attachment":[{"href":"https:\/\/geoffroyrobert.com\/wordpress\/wp-json\/wp\/v2\/media?parent=50"}],"curies":[{"name":"wp","href":"https:\/\/api.w.org\/{rel}","templated":true}]}}