{"id":488,"date":"2013-04-15T11:22:22","date_gmt":"2013-04-15T09:22:22","guid":{"rendered":"http:\/\/geoffroyrobert.com\/wordpress\/?page_id=488"},"modified":"2013-04-17T19:12:39","modified_gmt":"2013-04-17T17:12:39","slug":"remerciements","status":"publish","type":"page","link":"https:\/\/geoffroyrobert.com\/wordpress\/remerciements\/","title":{"rendered":"Remerciements"},"content":{"rendered":"<p style=\"text-align: justify;\">Je veux ici adresser un immense merci \u00e0 <a title=\"C\u00e9dric Fardel\" href=\"http:\/\/www.cedricfardel.ch\">C\u00e9dric Fardel<\/a> et \u00e0 Luc Bouchard qui ont consacr\u00e9 beaucoup de leur temps de ce d\u00e9but d\u2019ann\u00e9e pour permettre que ce nouveau site voie le jour. Je sais l\u2019amiti\u00e9 qui nous lie, la disponibilit\u00e9 offerte, beaucoup de talents et de comp\u00e9tences mis au service du projet. C\u2019est reconnu, c\u2019est appr\u00e9ci\u00e9, \u00e9norm\u00e9ment\u00a0!<\/p>\n<p style=\"text-align: justify;\">C\u00e9dric Fardel m\u2019avait propos\u00e9 de refaire mon site depuis plusieurs ann\u00e9es. Il attendait mon feu vert\u00a0! Il est \u00e0 la fois aveugle et pro de l\u2019informatique. Il avait donc besoin d\u2019un s\u00e9rieux coup de main pour la partie graphique et c\u2019est l\u00e0 o\u00f9 Luc Bouchard a notamment r\u00e9pondu pr\u00e9sent alors m\u00eame qu\u2019il n\u2019avait pas encore finalis\u00e9 le projet \u00ab\u00a0publication de mon nouveau livre, Le regard qui transforme\u00a0\u00bb. Merci, Luc et C\u00e9dric, d\u2019\u00eatre aussi pr\u00e9sents\u00a0! Et je n\u2019oublie pas Gregory, aveugle lui aussi, fr\u00e8re de C\u00e9dric, dont les comp\u00e9tences ont permis \u00e0 l\u2019occasion de surmonter quelques difficult\u00e9s. \u00c0 toi aussi, un grand merci\u00a0!<\/p>\n<p style=\"text-align: justify;\">Et j\u2019exprime \u00e9galement ma reconnaissance \u00e0 ces autres amis, Alain Schwartz, \u00e0 qui je dois la version pr\u00e9c\u00e9dente du site, et Yohann Elhadad qui s\u2019\u00e9tait occup\u00e9 du graphisme.<\/p>\n<p>Ce nouveau site est motoris\u00e9 par <a title=\"WordPress\" href=\"http:\/\/www.wordpress.org\">WordPress<\/a><\/p>\n","protected":false},"excerpt":{"rendered":"<p>Je veux ici adresser un immense merci \u00e0 C\u00e9dric Fardel et \u00e0 Luc Bouchard qui ont consacr\u00e9 beaucoup de leur temps de ce d\u00e9but d\u2019ann\u00e9e pour permettre que ce nouveau site voie le jour. Je sais l\u2019amiti\u00e9 qui nous lie, <span class=\"excerpt-dots\">&hellip;<\/span> <a class=\"more-link\" href=\"https:\/\/geoffroyrobert.com\/wordpress\/remerciements\/\"><span class=\"more-msg\">Lire la suite &rarr;<\/span><\/a><\/p>\n<div class='heateor_sss_sharing_container heateor_sss_vertical_sharing heateor_sss_bottom_sharing' style='width:44px;left: -10px;top: 100px;-webkit-box-shadow:none;box-shadow:none;' data-heateor-sss-href='https:\/\/geoffroyrobert.com\/wordpress\/wp-json\/wp\/v2\/pages\/488'><div class=\"heateor_sss_sharing_ul\"><a aria-label=\"Facebook\" class=\"heateor_sss_facebook\" href=\"https:\/\/www.facebook.com\/sharer\/sharer.php?u=https%3A%2F%2Fgeoffroyrobert.com%2Fwordpress%2Fwp-json%2Fwp%2Fv2%2Fpages%2F488\" title=\"Facebook\" rel=\"nofollow noopener\" target=\"_blank\" style=\"font-size:32px!important;box-shadow:none;display:inline-block;vertical-align:middle\"><span class=\"heateor_sss_svg\" style=\"background-color:#0765FE;width:40px;height:40px;margin:0;display:inline-block;opacity:1;float:left;font-size:32px;box-shadow:none;display:inline-block;font-size:16px;padding:0 4px;vertical-align:middle;background-repeat:repeat;overflow:hidden;padding:0;cursor:pointer;box-sizing:content-box\"><svg style=\"display:block;\" focusable=\"false\" aria-hidden=\"true\" xmlns=\"http:\/\/www.w3.org\/2000\/svg\" width=\"100%\" height=\"100%\" viewBox=\"0 0 32 32\"><path fill=\"#fff\" d=\"M28 16c0-6.627-5.373-12-12-12S4 9.373 4 16c0 5.628 3.875 10.35 9.101 11.647v-7.98h-2.474V16H13.1v-1.58c0-4.085 1.849-5.978 5.859-5.978.76 0 2.072.15 2.608.298v3.325c-.283-.03-.775-.045-1.386-.045-1.967 0-2.728.745-2.728 2.683V16h3.92l-.673 3.667h-3.247v8.245C23.395 27.195 28 22.135 28 16Z\"><\/path><\/svg><\/span><\/a><a aria-label=\"Twitter\" class=\"heateor_sss_button_twitter\" href=\"https:\/\/twitter.com\/intent\/tweet?text=LE%20REGARD%20QUI%20TRANSFORME%20-%20Consultations%20en%20cabinet%2C%20par%20t%C3%A9l%C3%A9phone%20ou%20par%20e-mails&url=https%3A%2F%2Fgeoffroyrobert.com%2Fwordpress%2Fwp-json%2Fwp%2Fv2%2Fpages%2F488\" title=\"Twitter\" rel=\"nofollow noopener\" target=\"_blank\" style=\"font-size:32px!important;box-shadow:none;display:inline-block;vertical-align:middle\"><span class=\"heateor_sss_svg heateor_sss_s__default heateor_sss_s_twitter\" style=\"background-color:#55acee;width:40px;height:40px;margin:0;display:inline-block;opacity:1;float:left;font-size:32px;box-shadow:none;display:inline-block;font-size:16px;padding:0 4px;vertical-align:middle;background-repeat:repeat;overflow:hidden;padding:0;cursor:pointer;box-sizing:content-box\"><svg style=\"display:block;\" focusable=\"false\" aria-hidden=\"true\" xmlns=\"http:\/\/www.w3.org\/2000\/svg\" width=\"100%\" height=\"100%\" viewBox=\"-4 -4 39 39\"><path d=\"M28 8.557a9.913 9.913 0 0 1-2.828.775 4.93 4.93 0 0 0 2.166-2.725 9.738 9.738 0 0 1-3.13 1.194 4.92 4.92 0 0 0-3.593-1.55 4.924 4.924 0 0 0-4.794 6.049c-4.09-.21-7.72-2.17-10.15-5.15a4.942 4.942 0 0 0-.665 2.477c0 1.71.87 3.214 2.19 4.1a4.968 4.968 0 0 1-2.23-.616v.06c0 2.39 1.7 4.38 3.952 4.83-.414.115-.85.174-1.297.174-.318 0-.626-.03-.928-.086a4.935 4.935 0 0 0 4.6 3.42 9.893 9.893 0 0 1-6.114 2.107c-.398 0-.79-.023-1.175-.068a13.953 13.953 0 0 0 7.55 2.213c9.056 0 14.01-7.507 14.01-14.013 0-.213-.005-.426-.015-.637.96-.695 1.795-1.56 2.455-2.55z\" fill=\"#fff\"><\/path><\/svg><\/span><\/a><a aria-label=\"Reddit\" class=\"heateor_sss_button_reddit\" href=\"https:\/\/reddit.com\/submit?url=https%3A%2F%2Fgeoffroyrobert.com%2Fwordpress%2Fwp-json%2Fwp%2Fv2%2Fpages%2F488&title=LE%20REGARD%20QUI%20TRANSFORME%20-%20Consultations%20en%20cabinet%2C%20par%20t%C3%A9l%C3%A9phone%20ou%20par%20e-mails\" title=\"Reddit\" rel=\"nofollow noopener\" target=\"_blank\" style=\"font-size:32px!important;box-shadow:none;display:inline-block;vertical-align:middle\"><span class=\"heateor_sss_svg heateor_sss_s__default heateor_sss_s_reddit\" style=\"background-color:#ff5700;width:40px;height:40px;margin:0;display:inline-block;opacity:1;float:left;font-size:32px;box-shadow:none;display:inline-block;font-size:16px;padding:0 4px;vertical-align:middle;background-repeat:repeat;overflow:hidden;padding:0;cursor:pointer;box-sizing:content-box\"><svg style=\"display:block;\" focusable=\"false\" aria-hidden=\"true\" xmlns=\"http:\/\/www.w3.org\/2000\/svg\" width=\"100%\" height=\"100%\" viewBox=\"-3.5 -3.5 39 39\"><path d=\"M28.543 15.774a2.953 2.953 0 0 0-2.951-2.949 2.882 2.882 0 0 0-1.9.713 14.075 14.075 0 0 0-6.85-2.044l1.38-4.349 3.768.884a2.452 2.452 0 1 0 .24-1.176l-4.274-1a.6.6 0 0 0-.709.4l-1.659 5.224a14.314 14.314 0 0 0-7.316 2.029 2.908 2.908 0 0 0-1.872-.681 2.942 2.942 0 0 0-1.618 5.4 5.109 5.109 0 0 0-.062.765c0 4.158 5.037 7.541 11.229 7.541s11.22-3.383 11.22-7.541a5.2 5.2 0 0 0-.053-.706 2.963 2.963 0 0 0 1.427-2.51zm-18.008 1.88a1.753 1.753 0 0 1 1.73-1.74 1.73 1.73 0 0 1 1.709 1.74 1.709 1.709 0 0 1-1.709 1.711 1.733 1.733 0 0 1-1.73-1.711zm9.565 4.968a5.573 5.573 0 0 1-4.081 1.272h-.032a5.576 5.576 0 0 1-4.087-1.272.6.6 0 0 1 .844-.854 4.5 4.5 0 0 0 3.238.927h.032a4.5 4.5 0 0 0 3.237-.927.6.6 0 1 1 .844.854zm-.331-3.256a1.726 1.726 0 1 1 1.709-1.712 1.717 1.717 0 0 1-1.712 1.712z\" fill=\"#fff\"\/><\/svg><\/span><\/a><a aria-label=\"Linkedin\" class=\"heateor_sss_button_linkedin\" href=\"https:\/\/www.linkedin.com\/sharing\/share-offsite\/?url=https%3A%2F%2Fgeoffroyrobert.com%2Fwordpress%2Fwp-json%2Fwp%2Fv2%2Fpages%2F488\" title=\"Linkedin\" rel=\"nofollow noopener\" target=\"_blank\" style=\"font-size:32px!important;box-shadow:none;display:inline-block;vertical-align:middle\"><span class=\"heateor_sss_svg heateor_sss_s__default heateor_sss_s_linkedin\" style=\"background-color:#0077b5;width:40px;height:40px;margin:0;display:inline-block;opacity:1;float:left;font-size:32px;box-shadow:none;display:inline-block;font-size:16px;padding:0 4px;vertical-align:middle;background-repeat:repeat;overflow:hidden;padding:0;cursor:pointer;box-sizing:content-box\"><svg style=\"display:block;\" focusable=\"false\" aria-hidden=\"true\" xmlns=\"http:\/\/www.w3.org\/2000\/svg\" width=\"100%\" height=\"100%\" viewBox=\"0 0 32 32\"><path d=\"M6.227 12.61h4.19v13.48h-4.19V12.61zm2.095-6.7a2.43 2.43 0 0 1 0 4.86c-1.344 0-2.428-1.09-2.428-2.43s1.084-2.43 2.428-2.43m4.72 6.7h4.02v1.84h.058c.56-1.058 1.927-2.176 3.965-2.176 4.238 0 5.02 2.792 5.02 6.42v7.395h-4.183v-6.56c0-1.564-.03-3.574-2.178-3.574-2.18 0-2.514 1.7-2.514 3.46v6.668h-4.187V12.61z\" fill=\"#fff\"><\/path><\/svg><\/span><\/a><a aria-label=\"Pinterest\" class=\"heateor_sss_button_pinterest\" href=\"https:\/\/geoffroyrobert.com\/wordpress\/wp-json\/wp\/v2\/pages\/488\" onclick=\"event.preventDefault();javascript:void( (function() {var e=document.createElement('script' );e.setAttribute('type','text\/javascript' );e.setAttribute('charset','UTF-8' );e.setAttribute('src','\/\/assets.pinterest.com\/js\/pinmarklet.js?r='+Math.random()*99999999);document.body.appendChild(e)})());\" title=\"Pinterest\" rel=\"noopener\" style=\"font-size:32px!important;box-shadow:none;display:inline-block;vertical-align:middle\"><span class=\"heateor_sss_svg heateor_sss_s__default heateor_sss_s_pinterest\" style=\"background-color:#cc2329;width:40px;height:40px;margin:0;display:inline-block;opacity:1;float:left;font-size:32px;box-shadow:none;display:inline-block;font-size:16px;padding:0 4px;vertical-align:middle;background-repeat:repeat;overflow:hidden;padding:0;cursor:pointer;box-sizing:content-box\"><svg style=\"display:block;\" focusable=\"false\" aria-hidden=\"true\" xmlns=\"http:\/\/www.w3.org\/2000\/svg\" width=\"100%\" height=\"100%\" viewBox=\"-2 -2 35 35\"><path fill=\"#fff\" d=\"M16.539 4.5c-6.277 0-9.442 4.5-9.442 8.253 0 2.272.86 4.293 2.705 5.046.303.125.574.005.662-.33.061-.231.205-.816.27-1.06.088-.331.053-.447-.191-.736-.532-.627-.873-1.439-.873-2.591 0-3.338 2.498-6.327 6.505-6.327 3.548 0 5.497 2.168 5.497 5.062 0 3.81-1.686 7.025-4.188 7.025-1.382 0-2.416-1.142-2.085-2.545.397-1.674 1.166-3.48 1.166-4.689 0-1.081-.581-1.983-1.782-1.983-1.413 0-2.548 1.462-2.548 3.419 0 1.247.421 2.091.421 2.091l-1.699 7.199c-.505 2.137-.076 4.755-.039 5.019.021.158.223.196.314.077.13-.17 1.813-2.247 2.384-4.324.162-.587.929-3.631.929-3.631.46.876 1.801 1.646 3.227 1.646 4.247 0 7.128-3.871 7.128-9.053.003-3.918-3.317-7.568-8.361-7.568z\"\/><\/svg><\/span><\/a><a aria-label=\"MeWe\" class=\"heateor_sss_MeWe\" href=\"https:\/\/mewe.com\/share?link=https%3A%2F%2Fgeoffroyrobert.com%2Fwordpress%2Fwp-json%2Fwp%2Fv2%2Fpages%2F488\" title=\"MeWe\" rel=\"nofollow noopener\" target=\"_blank\" style=\"font-size:32px!important;box-shadow:none;display:inline-block;vertical-align:middle\"><span class=\"heateor_sss_svg\" style=\"background-color:#007da1;width:40px;height:40px;margin:0;display:inline-block;opacity:1;float:left;font-size:32px;box-shadow:none;display:inline-block;font-size:16px;padding:0 4px;vertical-align:middle;background-repeat:repeat;overflow:hidden;padding:0;cursor:pointer;box-sizing:content-box\"><svg focusable=\"false\" aria-hidden=\"true\" xmlns=\"http:\/\/www.w3.org\/2000\/svg\" width=\"100%\" height=\"100%\" viewBox=\"-4 -3 38 38\"><g fill=\"#fff\"><path d=\"M9.636 10.427a1.22 1.22 0 1 1-2.44 0 1.22 1.22 0 1 1 2.44 0zM15.574 10.431a1.22 1.22 0 0 1-2.438 0 1.22 1.22 0 1 1 2.438 0zM22.592 10.431a1.221 1.221 0 1 1-2.443 0 1.221 1.221 0 0 1 2.443 0zM29.605 10.431a1.221 1.221 0 1 1-2.442 0 1.221 1.221 0 0 1 2.442 0zM3.605 13.772c0-.471.374-.859.859-.859h.18c.374 0 .624.194.789.457l2.935 4.597 2.95-4.611c.18-.291.43-.443.774-.443h.18c.485 0 .859.387.859.859v8.113a.843.843 0 0 1-.859.845.857.857 0 0 1-.845-.845V16.07l-2.366 3.559c-.18.276-.402.443-.72.443-.304 0-.526-.167-.706-.443l-2.354-3.53V21.9c0 .471-.374.83-.845.83a.815.815 0 0 1-.83-.83v-8.128h-.001zM14.396 14.055a.9.9 0 0 1-.069-.333c0-.471.402-.83.872-.83.415 0 .735.263.845.624l2.23 6.66 2.187-6.632c.139-.402.428-.678.859-.678h.124c.428 0 .735.278.859.678l2.187 6.632 2.23-6.675c.126-.346.415-.609.83-.609.457 0 .845.361.845.817a.96.96 0 0 1-.083.346l-2.867 8.032c-.152.43-.471.706-.887.706h-.165c-.415 0-.721-.263-.872-.706l-2.161-6.328-2.16 6.328c-.152.443-.47.706-.887.706h-.165c-.415 0-.72-.263-.887-.706l-2.865-8.032z\"><\/path><\/g><\/svg><\/span><\/a><a aria-label=\"Mix\" class=\"heateor_sss_button_mix\" href=\"https:\/\/mix.com\/mixit?url=https%3A%2F%2Fgeoffroyrobert.com%2Fwordpress%2Fwp-json%2Fwp%2Fv2%2Fpages%2F488\" title=\"Mix\" rel=\"nofollow noopener\" target=\"_blank\" style=\"font-size:32px!important;box-shadow:none;display:inline-block;vertical-align:middle\"><span class=\"heateor_sss_svg heateor_sss_s__default heateor_sss_s_mix\" style=\"background-color:#ff8226;width:40px;height:40px;margin:0;display:inline-block;opacity:1;float:left;font-size:32px;box-shadow:none;display:inline-block;font-size:16px;padding:0 4px;vertical-align:middle;background-repeat:repeat;overflow:hidden;padding:0;cursor:pointer;box-sizing:content-box\"><svg focusable=\"false\" aria-hidden=\"true\" xmlns=\"http:\/\/www.w3.org\/2000\/svg\" width=\"100%\" height=\"100%\" viewBox=\"-7 -8 45 45\"><g fill=\"#fff\"><path opacity=\".8\" d=\"M27.87 4.125c-5.224 0-9.467 4.159-9.467 9.291v2.89c0-1.306 1.074-2.362 2.399-2.362s2.399 1.056 2.399 2.362v1.204c0 1.306 1.074 2.362 2.399 2.362s2.399-1.056 2.399-2.362V4.134c-.036-.009-.082-.009-.129-.009\"\/><path d=\"M4 4.125v12.94c2.566 0 4.668-1.973 4.807-4.465v-2.214c0-.065 0-.12.009-.176.093-1.213 1.13-2.177 2.39-2.177 1.325 0 2.399 1.056 2.399 2.362v9.226c0 1.306 1.074 2.353 2.399 2.353s2.399-1.056 2.399-2.353v-6.206c0-5.132 4.233-9.291 9.467-9.291H4z\"\/><path opacity=\".8\" d=\"M4 17.074v8.438c0 1.306 1.074 2.362 2.399 2.362s2.399-1.056 2.399-2.362V12.61C8.659 15.102 6.566 17.074 4 17.074\"\/><\/g><\/svg><\/span><\/a><a aria-label=\"Whatsapp\" class=\"heateor_sss_whatsapp\" href=\"https:\/\/api.whatsapp.com\/send?text=LE%20REGARD%20QUI%20TRANSFORME%20-%20Consultations%20en%20cabinet%2C%20par%20t%C3%A9l%C3%A9phone%20ou%20par%20e-mails%20https%3A%2F%2Fgeoffroyrobert.com%2Fwordpress%2Fwp-json%2Fwp%2Fv2%2Fpages%2F488\" title=\"Whatsapp\" rel=\"nofollow noopener\" target=\"_blank\" style=\"font-size:32px!important;box-shadow:none;display:inline-block;vertical-align:middle\"><span class=\"heateor_sss_svg\" style=\"background-color:#55eb4c;width:40px;height:40px;margin:0;display:inline-block;opacity:1;float:left;font-size:32px;box-shadow:none;display:inline-block;font-size:16px;padding:0 4px;vertical-align:middle;background-repeat:repeat;overflow:hidden;padding:0;cursor:pointer;box-sizing:content-box\"><svg style=\"display:block;\" focusable=\"false\" aria-hidden=\"true\" xmlns=\"http:\/\/www.w3.org\/2000\/svg\" width=\"100%\" height=\"100%\" viewBox=\"-6 -5 40 40\"><path class=\"heateor_sss_svg_stroke heateor_sss_no_fill\" stroke=\"#fff\" stroke-width=\"2\" fill=\"none\" d=\"M 11.579798566743314 24.396926207859085 A 10 10 0 1 0 6.808479557110079 20.73576436351046\"><\/path><path d=\"M 7 19 l -1 6 l 6 -1\" class=\"heateor_sss_no_fill heateor_sss_svg_stroke\" stroke=\"#fff\" stroke-width=\"2\" fill=\"none\"><\/path><path d=\"M 10 10 q -1 8 8 11 c 5 -1 0 -6 -1 -3 q -4 -3 -5 -5 c 4 -2 -1 -5 -1 -4\" fill=\"#fff\"><\/path><\/svg><\/span><\/a><\/div><div class=\"heateorSssClear\"><\/div><\/div>","protected":false},"author":1,"featured_media":0,"parent":0,"menu_order":0,"comment_status":"closed","ping_status":"closed","template":"","meta":{"footnotes":""},"class_list":["post-488","page","type-page","status-publish","hentry"],"_links":{"self":[{"href":"https:\/\/geoffroyrobert.com\/wordpress\/wp-json\/wp\/v2\/pages\/488","targetHints":{"allow":["GET"]}}],"collection":[{"href":"https:\/\/geoffroyrobert.com\/wordpress\/wp-json\/wp\/v2\/pages"}],"about":[{"href":"https:\/\/geoffroyrobert.com\/wordpress\/wp-json\/wp\/v2\/types\/page"}],"author":[{"embeddable":true,"href":"https:\/\/geoffroyrobert.com\/wordpress\/wp-json\/wp\/v2\/users\/1"}],"replies":[{"embeddable":true,"href":"https:\/\/geoffroyrobert.com\/wordpress\/wp-json\/wp\/v2\/comments?post=488"}],"version-history":[{"count":6,"href":"https:\/\/geoffroyrobert.com\/wordpress\/wp-json\/wp\/v2\/pages\/488\/revisions"}],"predecessor-version":[{"id":493,"href":"https:\/\/geoffroyrobert.com\/wordpress\/wp-json\/wp\/v2\/pages\/488\/revisions\/493"}],"wp:attachment":[{"href":"https:\/\/geoffroyrobert.com\/wordpress\/wp-json\/wp\/v2\/media?parent=488"}],"curies":[{"name":"wp","href":"https:\/\/api.w.org\/{rel}","templated":true}]}}