{"id":18,"date":"2013-02-19T08:41:11","date_gmt":"2013-02-19T07:41:11","guid":{"rendered":"http:\/\/geoffroyrobert.com\/wordpress\/?page_id=18"},"modified":"2013-04-13T06:47:47","modified_gmt":"2013-04-13T04:47:47","slug":"pour-me-connaitre","status":"publish","type":"page","link":"https:\/\/geoffroyrobert.com\/wordpress\/pour-me-connaitre\/","title":{"rendered":"Pour me conna\u00eetre"},"content":{"rendered":"<p style=\"text-align: justify;\"><a name=\"ancre\"><\/a>En tant qu\u2019effet suppl\u00e9mentaire de ma propre situation existentielle, laquelle maintient en bonne place une c\u00e9cit\u00e9 totale, j\u2019ai toujours aim\u00e9 voir et aider \u00e0 voir. Sans la vision physique, l\u2019int\u00e9r\u00eat pour la perception va tout bonnement trouver de quoi \u00eatre combl\u00e9. Longtemps, j\u2019ai ignor\u00e9 que je finirais par faire profession de cet int\u00e9r\u00eat et que voir me permettrait aussi d\u2019appr\u00e9cier de plus en plus le moment pr\u00e9sent. Quand nous voyons, certes parce que nous regardons, c\u2019est toujours ici et maintenant, et le merveilleux ne se trouve nulle part ailleurs.<\/p>\n<p style=\"text-align: justify;\">Je suis n\u00e9 le 30 avril 1953 \u00e0 Sarrebourg (Moselle). Un double glaucome infantile s\u2019est traduit par la perte de mon \u0153il droit d\u00e8s le tout-d\u00e9but de ma vie. \u00c0 pr\u00e8s de 11 ans, un accident scolaire m\u2019a fait perdre l\u2019\u0153il gauche (les 3 dixi\u00e8mes de vision r\u00e9siduelle). Adolescent, sans joie de vivre ni perspective d\u2019avenir (avec des p\u00e9riodes de d\u00e9pression), j\u2019ai per\u00e7u tr\u00e8s vite qu\u2019il n\u2019y avait pas de fatalit\u00e9 et qu\u2019une transformation heureuse \u00e9tait toujours possible. Peu \u00e0 peu, j\u2019ai nourri un vif int\u00e9r\u00eat pour ce qui favorisait le d\u00e9passement du mal de vivre, l\u2019\u00e9panouissement personnel et l\u2019\u00e9veil \u00e0 sa v\u00e9ritable nature.<\/p>\n<p style=\"text-align: justify;\">Ma propre histoire m\u2019a permis de tirer avantage de ce qui m\u2019a \u00e9t\u00e9 donn\u00e9 d\u2019exp\u00e9rimenter. J\u2019ai notamment per\u00e7u que ma c\u00e9cit\u00e9, comme n\u2019importe quelle autre circonstance \u00e9prouv\u00e9e ind\u00e9sirable, constituait surtout un moyen privil\u00e9gi\u00e9 d\u2019en apprendre beaucoup sur moi-m\u00eame, sur le fonctionnement humain, jusqu\u2019\u00e0 devenir ainsi une porte de sortie inattendue de mon mal-\u00eatre existentiel. Une transformation heureuse repose toujours sur un accueil inconditionnel de ce qui est longtemps d\u00e9plor\u00e9. J\u2019ajoute que cet accueil est ordinairement v\u00e9cu petit \u00e0 petit\u2026<\/p>\n<p style=\"text-align: justify;\">D\u00e9termin\u00e9 \u00e0 m\u2019occuper de mes blessures non gu\u00e9ries, j\u2019ai explor\u00e9 diverses formes de psychoth\u00e9rapie de groupe, individuelle et d\u2019autres d\u00e9marches corporelles et spirituelles. Chacune de ces exp\u00e9riences a \u00e9t\u00e9 utile, y compris ou surtout quand elle m\u2019a amen\u00e9 ailleurs. J\u2019ai r\u00e9alis\u00e9 que l\u00e0 o\u00f9 nous en sommes aujourd\u2019hui, avec une disposition plus grande \u00e0 l\u2019ouverture spirituelle, est d\u00fb \u00e0 tout ce qui a \u00e9t\u00e9 v\u00e9cu et \u00e9prouv\u00e9 ant\u00e9rieurement, qu\u2019il n\u2019y aurait jamais rien \u00e0 regretter. Ces ann\u00e9es-l\u00e0, j\u2019ai \u00e9galement pratiqu\u00e9 de fa\u00e7on intensive le yoga et la m\u00e9ditation.<\/p>\n<p style=\"text-align: justify;\">Pour moi, c\u2019est autour de mes 35 ans que s\u2019est manifest\u00e9 dans ma vie de fa\u00e7on plus concr\u00e8te le \u00ab tout est toujours possible \u00bb. Je percevais, reconnaissais mieux que jamais ma peur et mon autod\u00e9valorisation et c\u2019est alors qu\u2019elles pouvaient me quitter.<\/p>\n<p style=\"text-align: justify;\">Au d\u00e9but des ann\u00e9es 90, j\u2019ai entrepris de poursuivre l\u2019utile conscientisation des conditionnements r\u00e9calcitrants \u00e0 travers plusieurs formations (relaxation, massage, techniques de gu\u00e9rison, rebirth, animation du centre \u00ab \u00c9coute ton corps \u00bb de Lise Bourbeau \u2013 j\u2019ai \u00e9t\u00e9 pendant 2 ans un enseignant de ce centre. \u00c0 la m\u00eame \u00e9poque, j\u2019ai commenc\u00e9 \u00e0 donner des consultations ; j\u2019ai anim\u00e9 conf\u00e9rences et s\u00e9minaires de d\u00e9veloppement personnel pendant plusieurs ann\u00e9es.<\/p>\n<p style=\"text-align: justify;\">En 1997, j\u2019ai publi\u00e9 un premier livre qui synth\u00e9tise la compr\u00e9hension de l\u2019esprit humain \u00e0 laquelle j\u2019\u00e9tais alors parvenu (Le regard d\u2019un non-voyant \u2013 Ed Le Souffle d\u2019Or). Par la suite, sont venues enrichir mes connaissances et exp\u00e9riences la psychog\u00e9n\u00e9alogie, les constellations familiales, la M\u00e9decine Nouvelle du Dr HAMER, une anamn\u00e8se prolong\u00e9e avec Richard SUNDER, ax\u00e9e essentiellement sur les conflits \u00e0 l\u2019origine de ma pathologie oculaire.<\/p>\n<p style=\"text-align: justify;\">Aujourd\u2019hui et depuis 2004, c\u2019est le plaisir qui me fait m\u2019int\u00e9resser assidument \u00e0 l\u2019apport pr\u00e9cieux d\u2019Eckhart Tolle, au point que je voue une bonne partie de mon temps libre \u00e0 la traduction en fran\u00e7ais de ses interventions publiques (\u00e0 ce jour environ 50 heures de conf\u00e9rences traduites et disponibles sur Internet).<\/p>\n<p style=\"text-align: justify;\">Je vis mon vif et inextinguible int\u00e9r\u00eat pour l\u2019\u00e9veil et la clarification comme allant de pair avec l\u2019\u00e9gal int\u00e9r\u00eat pour l\u2019aide que je fais profession d\u2019apporter : par rapport \u00e0 ce que je voyais \u00ab hier \u00bb, ce que je vois aujourd\u2019hui est immense et n\u2019est rien par rapport \u00e0 ce que je verrai \u00ab demain \u00bb. L\u2019important n\u2019est cependant pas ce qui est vu, mais \u00ab l\u2019acte \u00bb lui-m\u00eame de regarder.<\/p>\n<p style=\"text-align: justify;\">Actuellement, je propose des consultations en cabinet, par t\u00e9l\u00e9phone et, depuis plus de 10 ans, par e-mails.<\/p>\n<p style=\"text-align: justify;\">Sans le revendiquer, j\u2019accepte d\u2019\u00eatre nomm\u00e9 psychoth\u00e9rapeute, parce que le mot semble plus parlant pour beaucoup, mais les termes de praticien de la relation d\u2019aide et\/ou d\u2019enseignant me conviennent davantage. Je montre (j\u2019enseigne) \u00e0 toute personne qui me consulte comment retrouver la paix d\u2019esprit. Cette paix recouvr\u00e9e, tout se transforme, tout devient possible. Ce \u00ab tout \u00bb varie d\u2019une personne \u00e0 l\u2019autre.<\/p>\n","protected":false},"excerpt":{"rendered":"<p>En tant qu\u2019effet suppl\u00e9mentaire de ma propre situation existentielle, laquelle maintient en bonne place une c\u00e9cit\u00e9 totale, j\u2019ai toujours aim\u00e9 voir et aider \u00e0 voir. Sans la vision physique, l\u2019int\u00e9r\u00eat pour la perception va tout bonnement trouver de quoi \u00eatre <span class=\"excerpt-dots\">&hellip;<\/span> <a class=\"more-link\" href=\"https:\/\/geoffroyrobert.com\/wordpress\/pour-me-connaitre\/\"><span class=\"more-msg\">Lire la suite &rarr;<\/span><\/a><\/p>\n<div class='heateor_sss_sharing_container heateor_sss_vertical_sharing heateor_sss_bottom_sharing' style='width:44px;left: -10px;top: 100px;-webkit-box-shadow:none;box-shadow:none;' data-heateor-sss-href='https:\/\/geoffroyrobert.com\/wordpress\/wp-json\/wp\/v2\/pages\/18'><div class=\"heateor_sss_sharing_ul\"><a aria-label=\"Facebook\" class=\"heateor_sss_facebook\" href=\"https:\/\/www.facebook.com\/sharer\/sharer.php?u=https%3A%2F%2Fgeoffroyrobert.com%2Fwordpress%2Fwp-json%2Fwp%2Fv2%2Fpages%2F18\" title=\"Facebook\" rel=\"nofollow noopener\" target=\"_blank\" style=\"font-size:32px!important;box-shadow:none;display:inline-block;vertical-align:middle\"><span class=\"heateor_sss_svg\" style=\"background-color:#0765FE;width:40px;height:40px;margin:0;display:inline-block;opacity:1;float:left;font-size:32px;box-shadow:none;display:inline-block;font-size:16px;padding:0 4px;vertical-align:middle;background-repeat:repeat;overflow:hidden;padding:0;cursor:pointer;box-sizing:content-box\"><svg style=\"display:block;\" focusable=\"false\" aria-hidden=\"true\" xmlns=\"http:\/\/www.w3.org\/2000\/svg\" width=\"100%\" height=\"100%\" viewBox=\"0 0 32 32\"><path fill=\"#fff\" d=\"M28 16c0-6.627-5.373-12-12-12S4 9.373 4 16c0 5.628 3.875 10.35 9.101 11.647v-7.98h-2.474V16H13.1v-1.58c0-4.085 1.849-5.978 5.859-5.978.76 0 2.072.15 2.608.298v3.325c-.283-.03-.775-.045-1.386-.045-1.967 0-2.728.745-2.728 2.683V16h3.92l-.673 3.667h-3.247v8.245C23.395 27.195 28 22.135 28 16Z\"><\/path><\/svg><\/span><\/a><a aria-label=\"Twitter\" class=\"heateor_sss_button_twitter\" href=\"https:\/\/twitter.com\/intent\/tweet?text=LE%20REGARD%20QUI%20TRANSFORME%20-%20Consultations%20en%20cabinet%2C%20par%20t%C3%A9l%C3%A9phone%20ou%20par%20e-mails&url=https%3A%2F%2Fgeoffroyrobert.com%2Fwordpress%2Fwp-json%2Fwp%2Fv2%2Fpages%2F18\" title=\"Twitter\" rel=\"nofollow noopener\" target=\"_blank\" style=\"font-size:32px!important;box-shadow:none;display:inline-block;vertical-align:middle\"><span class=\"heateor_sss_svg heateor_sss_s__default heateor_sss_s_twitter\" style=\"background-color:#55acee;width:40px;height:40px;margin:0;display:inline-block;opacity:1;float:left;font-size:32px;box-shadow:none;display:inline-block;font-size:16px;padding:0 4px;vertical-align:middle;background-repeat:repeat;overflow:hidden;padding:0;cursor:pointer;box-sizing:content-box\"><svg style=\"display:block;\" focusable=\"false\" aria-hidden=\"true\" xmlns=\"http:\/\/www.w3.org\/2000\/svg\" width=\"100%\" height=\"100%\" viewBox=\"-4 -4 39 39\"><path d=\"M28 8.557a9.913 9.913 0 0 1-2.828.775 4.93 4.93 0 0 0 2.166-2.725 9.738 9.738 0 0 1-3.13 1.194 4.92 4.92 0 0 0-3.593-1.55 4.924 4.924 0 0 0-4.794 6.049c-4.09-.21-7.72-2.17-10.15-5.15a4.942 4.942 0 0 0-.665 2.477c0 1.71.87 3.214 2.19 4.1a4.968 4.968 0 0 1-2.23-.616v.06c0 2.39 1.7 4.38 3.952 4.83-.414.115-.85.174-1.297.174-.318 0-.626-.03-.928-.086a4.935 4.935 0 0 0 4.6 3.42 9.893 9.893 0 0 1-6.114 2.107c-.398 0-.79-.023-1.175-.068a13.953 13.953 0 0 0 7.55 2.213c9.056 0 14.01-7.507 14.01-14.013 0-.213-.005-.426-.015-.637.96-.695 1.795-1.56 2.455-2.55z\" fill=\"#fff\"><\/path><\/svg><\/span><\/a><a aria-label=\"Reddit\" class=\"heateor_sss_button_reddit\" href=\"https:\/\/reddit.com\/submit?url=https%3A%2F%2Fgeoffroyrobert.com%2Fwordpress%2Fwp-json%2Fwp%2Fv2%2Fpages%2F18&title=LE%20REGARD%20QUI%20TRANSFORME%20-%20Consultations%20en%20cabinet%2C%20par%20t%C3%A9l%C3%A9phone%20ou%20par%20e-mails\" title=\"Reddit\" rel=\"nofollow noopener\" target=\"_blank\" style=\"font-size:32px!important;box-shadow:none;display:inline-block;vertical-align:middle\"><span class=\"heateor_sss_svg heateor_sss_s__default heateor_sss_s_reddit\" style=\"background-color:#ff5700;width:40px;height:40px;margin:0;display:inline-block;opacity:1;float:left;font-size:32px;box-shadow:none;display:inline-block;font-size:16px;padding:0 4px;vertical-align:middle;background-repeat:repeat;overflow:hidden;padding:0;cursor:pointer;box-sizing:content-box\"><svg style=\"display:block;\" focusable=\"false\" aria-hidden=\"true\" xmlns=\"http:\/\/www.w3.org\/2000\/svg\" width=\"100%\" height=\"100%\" viewBox=\"-3.5 -3.5 39 39\"><path d=\"M28.543 15.774a2.953 2.953 0 0 0-2.951-2.949 2.882 2.882 0 0 0-1.9.713 14.075 14.075 0 0 0-6.85-2.044l1.38-4.349 3.768.884a2.452 2.452 0 1 0 .24-1.176l-4.274-1a.6.6 0 0 0-.709.4l-1.659 5.224a14.314 14.314 0 0 0-7.316 2.029 2.908 2.908 0 0 0-1.872-.681 2.942 2.942 0 0 0-1.618 5.4 5.109 5.109 0 0 0-.062.765c0 4.158 5.037 7.541 11.229 7.541s11.22-3.383 11.22-7.541a5.2 5.2 0 0 0-.053-.706 2.963 2.963 0 0 0 1.427-2.51zm-18.008 1.88a1.753 1.753 0 0 1 1.73-1.74 1.73 1.73 0 0 1 1.709 1.74 1.709 1.709 0 0 1-1.709 1.711 1.733 1.733 0 0 1-1.73-1.711zm9.565 4.968a5.573 5.573 0 0 1-4.081 1.272h-.032a5.576 5.576 0 0 1-4.087-1.272.6.6 0 0 1 .844-.854 4.5 4.5 0 0 0 3.238.927h.032a4.5 4.5 0 0 0 3.237-.927.6.6 0 1 1 .844.854zm-.331-3.256a1.726 1.726 0 1 1 1.709-1.712 1.717 1.717 0 0 1-1.712 1.712z\" fill=\"#fff\"\/><\/svg><\/span><\/a><a aria-label=\"Linkedin\" class=\"heateor_sss_button_linkedin\" href=\"https:\/\/www.linkedin.com\/sharing\/share-offsite\/?url=https%3A%2F%2Fgeoffroyrobert.com%2Fwordpress%2Fwp-json%2Fwp%2Fv2%2Fpages%2F18\" title=\"Linkedin\" rel=\"nofollow noopener\" target=\"_blank\" style=\"font-size:32px!important;box-shadow:none;display:inline-block;vertical-align:middle\"><span class=\"heateor_sss_svg heateor_sss_s__default heateor_sss_s_linkedin\" style=\"background-color:#0077b5;width:40px;height:40px;margin:0;display:inline-block;opacity:1;float:left;font-size:32px;box-shadow:none;display:inline-block;font-size:16px;padding:0 4px;vertical-align:middle;background-repeat:repeat;overflow:hidden;padding:0;cursor:pointer;box-sizing:content-box\"><svg style=\"display:block;\" focusable=\"false\" aria-hidden=\"true\" xmlns=\"http:\/\/www.w3.org\/2000\/svg\" width=\"100%\" height=\"100%\" viewBox=\"0 0 32 32\"><path d=\"M6.227 12.61h4.19v13.48h-4.19V12.61zm2.095-6.7a2.43 2.43 0 0 1 0 4.86c-1.344 0-2.428-1.09-2.428-2.43s1.084-2.43 2.428-2.43m4.72 6.7h4.02v1.84h.058c.56-1.058 1.927-2.176 3.965-2.176 4.238 0 5.02 2.792 5.02 6.42v7.395h-4.183v-6.56c0-1.564-.03-3.574-2.178-3.574-2.18 0-2.514 1.7-2.514 3.46v6.668h-4.187V12.61z\" fill=\"#fff\"><\/path><\/svg><\/span><\/a><a aria-label=\"Pinterest\" class=\"heateor_sss_button_pinterest\" href=\"https:\/\/geoffroyrobert.com\/wordpress\/wp-json\/wp\/v2\/pages\/18\" onclick=\"event.preventDefault();javascript:void( (function() {var e=document.createElement('script' );e.setAttribute('type','text\/javascript' );e.setAttribute('charset','UTF-8' );e.setAttribute('src','\/\/assets.pinterest.com\/js\/pinmarklet.js?r='+Math.random()*99999999);document.body.appendChild(e)})());\" title=\"Pinterest\" rel=\"noopener\" style=\"font-size:32px!important;box-shadow:none;display:inline-block;vertical-align:middle\"><span class=\"heateor_sss_svg heateor_sss_s__default heateor_sss_s_pinterest\" style=\"background-color:#cc2329;width:40px;height:40px;margin:0;display:inline-block;opacity:1;float:left;font-size:32px;box-shadow:none;display:inline-block;font-size:16px;padding:0 4px;vertical-align:middle;background-repeat:repeat;overflow:hidden;padding:0;cursor:pointer;box-sizing:content-box\"><svg style=\"display:block;\" focusable=\"false\" aria-hidden=\"true\" xmlns=\"http:\/\/www.w3.org\/2000\/svg\" width=\"100%\" height=\"100%\" viewBox=\"-2 -2 35 35\"><path fill=\"#fff\" d=\"M16.539 4.5c-6.277 0-9.442 4.5-9.442 8.253 0 2.272.86 4.293 2.705 5.046.303.125.574.005.662-.33.061-.231.205-.816.27-1.06.088-.331.053-.447-.191-.736-.532-.627-.873-1.439-.873-2.591 0-3.338 2.498-6.327 6.505-6.327 3.548 0 5.497 2.168 5.497 5.062 0 3.81-1.686 7.025-4.188 7.025-1.382 0-2.416-1.142-2.085-2.545.397-1.674 1.166-3.48 1.166-4.689 0-1.081-.581-1.983-1.782-1.983-1.413 0-2.548 1.462-2.548 3.419 0 1.247.421 2.091.421 2.091l-1.699 7.199c-.505 2.137-.076 4.755-.039 5.019.021.158.223.196.314.077.13-.17 1.813-2.247 2.384-4.324.162-.587.929-3.631.929-3.631.46.876 1.801 1.646 3.227 1.646 4.247 0 7.128-3.871 7.128-9.053.003-3.918-3.317-7.568-8.361-7.568z\"\/><\/svg><\/span><\/a><a aria-label=\"MeWe\" class=\"heateor_sss_MeWe\" href=\"https:\/\/mewe.com\/share?link=https%3A%2F%2Fgeoffroyrobert.com%2Fwordpress%2Fwp-json%2Fwp%2Fv2%2Fpages%2F18\" title=\"MeWe\" rel=\"nofollow noopener\" target=\"_blank\" style=\"font-size:32px!important;box-shadow:none;display:inline-block;vertical-align:middle\"><span class=\"heateor_sss_svg\" style=\"background-color:#007da1;width:40px;height:40px;margin:0;display:inline-block;opacity:1;float:left;font-size:32px;box-shadow:none;display:inline-block;font-size:16px;padding:0 4px;vertical-align:middle;background-repeat:repeat;overflow:hidden;padding:0;cursor:pointer;box-sizing:content-box\"><svg focusable=\"false\" aria-hidden=\"true\" xmlns=\"http:\/\/www.w3.org\/2000\/svg\" width=\"100%\" height=\"100%\" viewBox=\"-4 -3 38 38\"><g fill=\"#fff\"><path d=\"M9.636 10.427a1.22 1.22 0 1 1-2.44 0 1.22 1.22 0 1 1 2.44 0zM15.574 10.431a1.22 1.22 0 0 1-2.438 0 1.22 1.22 0 1 1 2.438 0zM22.592 10.431a1.221 1.221 0 1 1-2.443 0 1.221 1.221 0 0 1 2.443 0zM29.605 10.431a1.221 1.221 0 1 1-2.442 0 1.221 1.221 0 0 1 2.442 0zM3.605 13.772c0-.471.374-.859.859-.859h.18c.374 0 .624.194.789.457l2.935 4.597 2.95-4.611c.18-.291.43-.443.774-.443h.18c.485 0 .859.387.859.859v8.113a.843.843 0 0 1-.859.845.857.857 0 0 1-.845-.845V16.07l-2.366 3.559c-.18.276-.402.443-.72.443-.304 0-.526-.167-.706-.443l-2.354-3.53V21.9c0 .471-.374.83-.845.83a.815.815 0 0 1-.83-.83v-8.128h-.001zM14.396 14.055a.9.9 0 0 1-.069-.333c0-.471.402-.83.872-.83.415 0 .735.263.845.624l2.23 6.66 2.187-6.632c.139-.402.428-.678.859-.678h.124c.428 0 .735.278.859.678l2.187 6.632 2.23-6.675c.126-.346.415-.609.83-.609.457 0 .845.361.845.817a.96.96 0 0 1-.083.346l-2.867 8.032c-.152.43-.471.706-.887.706h-.165c-.415 0-.721-.263-.872-.706l-2.161-6.328-2.16 6.328c-.152.443-.47.706-.887.706h-.165c-.415 0-.72-.263-.887-.706l-2.865-8.032z\"><\/path><\/g><\/svg><\/span><\/a><a aria-label=\"Mix\" class=\"heateor_sss_button_mix\" href=\"https:\/\/mix.com\/mixit?url=https%3A%2F%2Fgeoffroyrobert.com%2Fwordpress%2Fwp-json%2Fwp%2Fv2%2Fpages%2F18\" title=\"Mix\" rel=\"nofollow noopener\" target=\"_blank\" style=\"font-size:32px!important;box-shadow:none;display:inline-block;vertical-align:middle\"><span class=\"heateor_sss_svg heateor_sss_s__default heateor_sss_s_mix\" style=\"background-color:#ff8226;width:40px;height:40px;margin:0;display:inline-block;opacity:1;float:left;font-size:32px;box-shadow:none;display:inline-block;font-size:16px;padding:0 4px;vertical-align:middle;background-repeat:repeat;overflow:hidden;padding:0;cursor:pointer;box-sizing:content-box\"><svg focusable=\"false\" aria-hidden=\"true\" xmlns=\"http:\/\/www.w3.org\/2000\/svg\" width=\"100%\" height=\"100%\" viewBox=\"-7 -8 45 45\"><g fill=\"#fff\"><path opacity=\".8\" d=\"M27.87 4.125c-5.224 0-9.467 4.159-9.467 9.291v2.89c0-1.306 1.074-2.362 2.399-2.362s2.399 1.056 2.399 2.362v1.204c0 1.306 1.074 2.362 2.399 2.362s2.399-1.056 2.399-2.362V4.134c-.036-.009-.082-.009-.129-.009\"\/><path d=\"M4 4.125v12.94c2.566 0 4.668-1.973 4.807-4.465v-2.214c0-.065 0-.12.009-.176.093-1.213 1.13-2.177 2.39-2.177 1.325 0 2.399 1.056 2.399 2.362v9.226c0 1.306 1.074 2.353 2.399 2.353s2.399-1.056 2.399-2.353v-6.206c0-5.132 4.233-9.291 9.467-9.291H4z\"\/><path opacity=\".8\" d=\"M4 17.074v8.438c0 1.306 1.074 2.362 2.399 2.362s2.399-1.056 2.399-2.362V12.61C8.659 15.102 6.566 17.074 4 17.074\"\/><\/g><\/svg><\/span><\/a><a aria-label=\"Whatsapp\" class=\"heateor_sss_whatsapp\" href=\"https:\/\/api.whatsapp.com\/send?text=LE%20REGARD%20QUI%20TRANSFORME%20-%20Consultations%20en%20cabinet%2C%20par%20t%C3%A9l%C3%A9phone%20ou%20par%20e-mails%20https%3A%2F%2Fgeoffroyrobert.com%2Fwordpress%2Fwp-json%2Fwp%2Fv2%2Fpages%2F18\" title=\"Whatsapp\" rel=\"nofollow noopener\" target=\"_blank\" style=\"font-size:32px!important;box-shadow:none;display:inline-block;vertical-align:middle\"><span class=\"heateor_sss_svg\" style=\"background-color:#55eb4c;width:40px;height:40px;margin:0;display:inline-block;opacity:1;float:left;font-size:32px;box-shadow:none;display:inline-block;font-size:16px;padding:0 4px;vertical-align:middle;background-repeat:repeat;overflow:hidden;padding:0;cursor:pointer;box-sizing:content-box\"><svg style=\"display:block;\" focusable=\"false\" aria-hidden=\"true\" xmlns=\"http:\/\/www.w3.org\/2000\/svg\" width=\"100%\" height=\"100%\" viewBox=\"-6 -5 40 40\"><path class=\"heateor_sss_svg_stroke heateor_sss_no_fill\" stroke=\"#fff\" stroke-width=\"2\" fill=\"none\" d=\"M 11.579798566743314 24.396926207859085 A 10 10 0 1 0 6.808479557110079 20.73576436351046\"><\/path><path d=\"M 7 19 l -1 6 l 6 -1\" class=\"heateor_sss_no_fill heateor_sss_svg_stroke\" stroke=\"#fff\" stroke-width=\"2\" fill=\"none\"><\/path><path d=\"M 10 10 q -1 8 8 11 c 5 -1 0 -6 -1 -3 q -4 -3 -5 -5 c 4 -2 -1 -5 -1 -4\" fill=\"#fff\"><\/path><\/svg><\/span><\/a><\/div><div class=\"heateorSssClear\"><\/div><\/div>","protected":false},"author":1,"featured_media":0,"parent":0,"menu_order":0,"comment_status":"closed","ping_status":"closed","template":"","meta":{"footnotes":""},"class_list":["post-18","page","type-page","status-publish","hentry"],"_links":{"self":[{"href":"https:\/\/geoffroyrobert.com\/wordpress\/wp-json\/wp\/v2\/pages\/18","targetHints":{"allow":["GET"]}}],"collection":[{"href":"https:\/\/geoffroyrobert.com\/wordpress\/wp-json\/wp\/v2\/pages"}],"about":[{"href":"https:\/\/geoffroyrobert.com\/wordpress\/wp-json\/wp\/v2\/types\/page"}],"author":[{"embeddable":true,"href":"https:\/\/geoffroyrobert.com\/wordpress\/wp-json\/wp\/v2\/users\/1"}],"replies":[{"embeddable":true,"href":"https:\/\/geoffroyrobert.com\/wordpress\/wp-json\/wp\/v2\/comments?post=18"}],"version-history":[{"count":8,"href":"https:\/\/geoffroyrobert.com\/wordpress\/wp-json\/wp\/v2\/pages\/18\/revisions"}],"predecessor-version":[{"id":465,"href":"https:\/\/geoffroyrobert.com\/wordpress\/wp-json\/wp\/v2\/pages\/18\/revisions\/465"}],"wp:attachment":[{"href":"https:\/\/geoffroyrobert.com\/wordpress\/wp-json\/wp\/v2\/media?parent=18"}],"curies":[{"name":"wp","href":"https:\/\/api.w.org\/{rel}","templated":true}]}}